{"id":10,"date":"2010-05-18T10:49:32","date_gmt":"2010-05-18T10:49:32","guid":{"rendered":"http:\/\/escolaconducao-tv.com\/?page_id=10"},"modified":"2010-12-29T18:48:23","modified_gmt":"2010-12-29T18:48:23","slug":"produtos","status":"publish","type":"page","link":"http:\/\/escolaconducao-tv.com\/?page_id=10","title":{"rendered":"Produtos"},"content":{"rendered":"<p style=\"text-align: center;\"><img loading=\"lazy\" class=\"aligncenter size-full wp-image-184\" title=\"produtos\" src=\"http:\/\/escolaconducao-tv.com\/wp-content\/uploads\/2010\/05\/produtos.jpg\" alt=\"\" width=\"466\" height=\"263\" srcset=\"http:\/\/escolaconducao-tv.com\/wp-content\/uploads\/2010\/05\/produtos.jpg 640w, http:\/\/escolaconducao-tv.com\/wp-content\/uploads\/2010\/05\/produtos-300x168.jpg 300w\" sizes=\"(max-width: 466px) 100vw, 466px\" \/><\/p>\n<p><strong>Livros<\/strong><\/p>\n<ul>\n<li>Livro &#8220;O C\u00f3digo da Estrada&#8221; &#8211;<strong> 18\u20ac <\/strong><em><span style=\"color: #ff0000;\">(<\/span><span style=\"text-decoration: underline;\">Oferta de CD Testes Cat.B<\/span><span style=\"color: #ff0000;\">)<\/span><\/em><\/li>\n<li>Livro &#8220;Mec\u00e2nica Autom\u00f3vel&#8221; &#8211; <strong>24,00\u20ac<\/strong><\/li>\n<li>Livro de Testes Seguran\u00e7a Rodovi\u00e1ria &#8211; <strong>17,50\u20ac<\/strong><\/li>\n<li>Livro de Testes Educa\u00e7\u00e3o Rodovi\u00e1ria &#8211; <strong>16,50\u20ac<\/strong><\/li>\n<\/ul>\n<p><strong>Pens \/ CDS<\/strong><\/p>\n<ul>\n<li>Testes de Exame em USB (Todas as Categorias, 2GB) &#8211; <strong>20\u20ac<\/strong><\/li>\n<li>CD Winteste Ligeiros &#8211; <strong>15,00\u20ac<\/strong><\/li>\n<li>CD Winteste Motociclos &#8211;<strong> 15,00\u20ac<\/strong><\/li>\n<li>CD Winteste Pesados &#8211;<strong> 15,00\u20ac<\/strong><\/li>\n<li>CD Testes de Ligeiros JPG &#8211;<strong> 20,00\u20ac<\/strong><\/li>\n<li>CD Testes de Mec\u00e2nica JPG &#8211; <strong>23,00\u20ac<\/strong><\/li>\n<li>Instrutor Virtual Ligeiros &#8211; <strong>15,00\u20ac<\/strong><\/li>\n<li>Instrutor Virtual Motociclos &#8211;<strong> 15,00\u20ac<\/strong><\/li>\n<\/ul>\n","protected":false},"excerpt":{"rendered":"<p>Livros Livro &#8220;O C\u00f3digo da Estrada&#8221; &#8211; 18\u20ac (Oferta de CD Testes Cat.B) Livro &#8220;Mec\u00e2nica Autom\u00f3vel&#8221; &#8211; 24,00\u20ac Livro de Testes Seguran\u00e7a Rodovi\u00e1ria &#8211; 17,50\u20ac Livro de Testes Educa\u00e7\u00e3o Rodovi\u00e1ria &#8211; 16,50\u20ac Pens \/ CDS Testes de Exame em USB (Todas as Categorias, 2GB) &#8211; 20\u20ac CD Winteste Ligeiros &#8211; 15,00\u20ac CD Winteste Motociclos &#8211; [&hellip;]<\/p>\n","protected":false},"author":3,"featured_media":0,"parent":0,"menu_order":25,"comment_status":"open","ping_status":"closed","template":"","meta":[],"_links":{"self":[{"href":"http:\/\/escolaconducao-tv.com\/index.php?rest_route=\/wp\/v2\/pages\/10"}],"collection":[{"href":"http:\/\/escolaconducao-tv.com\/index.php?rest_route=\/wp\/v2\/pages"}],"about":[{"href":"http:\/\/escolaconducao-tv.com\/index.php?rest_route=\/wp\/v2\/types\/page"}],"author":[{"embeddable":true,"href":"http:\/\/escolaconducao-tv.com\/index.php?rest_route=\/wp\/v2\/users\/3"}],"replies":[{"embeddable":true,"href":"http:\/\/escolaconducao-tv.com\/index.php?rest_route=%2Fwp%2Fv2%2Fcomments&post=10"}],"version-history":[{"count":18,"href":"http:\/\/escolaconducao-tv.com\/index.php?rest_route=\/wp\/v2\/pages\/10\/revisions"}],"predecessor-version":[{"id":223,"href":"http:\/\/escolaconducao-tv.com\/index.php?rest_route=\/wp\/v2\/pages\/10\/revisions\/223"}],"wp:attachment":[{"href":"http:\/\/escolaconducao-tv.com\/index.php?rest_route=%2Fwp%2Fv2%2Fmedia&parent=10"}],"curies":[{"name":"wp","href":"https:\/\/api.w.org\/{rel}","templated":true}]}}