{"id":2,"date":"2010-05-18T10:07:22","date_gmt":"2010-05-18T10:07:22","guid":{"rendered":"http:\/\/escolaconducao-tv.com\/?page_id=2"},"modified":"2016-12-07T13:02:13","modified_gmt":"2016-12-07T13:02:13","slug":"sobre","status":"publish","type":"page","link":"http:\/\/escolaconducao-tv.com\/?page_id=2","title":{"rendered":"Contactos"},"content":{"rendered":"<p><strong>Escola de Condu\u00e7\u00e3o Torres Vedras<\/strong><\/p>\n<p>Urbaniza\u00e7\u00e3o do Hilari\u00e3o, Bloco A &#8211; R\/c &#8211; 3<\/p>\n<p>2560-374 Torres Vedras<\/p>\n<p><strong>Tel.\/Fax:<\/strong> 261 325 220<\/p>\n<p><strong>Manuel Augusto:<\/strong> 936 911 391<\/p>\n<p><strong>Maria do Carmo:<\/strong> 932 654 760<\/p>\n<p><strong>Secretaria: <\/strong>939 502 352<\/p>\n<p><strong>Email: <\/strong><a href=\"mailto:geral@escolaconducao-tv.com\"><em>geral@escolaconducao-tv.com<\/em><\/a><\/p>\n<p><small><a class=\"alignleft\" style=\"color: #0000ff; text-align: left;\" href=\"http:\/\/maps.google.pt\/maps?f=d&amp;source=embed&amp;saddr=39.107011,-9.26214&amp;daddr=&amp;hl=pt-PT&amp;geocode=&amp;mra=dme&amp;mrcr=0&amp;mrsp=0&amp;sz=18&amp;sll=39.106945,-9.262124&amp;sspn=0.00221,0.005284&amp;ie=UTF8&amp;t=h&amp;ll=39.106945,-9.262129&amp;spn=0.002914,0.005794&amp;z=17\" target=\"_blank\">Ver mapa<\/a><\/small><\/p>\n<p><img loading=\"lazy\" class=\"alignright size-full wp-image-29\" title=\"Cart\u00f5es Escola de Condu\u00e7\u00e3o\" src=\"http:\/\/escolaconducao-tv.com\/wp-content\/uploads\/2010\/05\/cartao.png\" alt=\"\" width=\"380\" height=\"300\" srcset=\"http:\/\/escolaconducao-tv.com\/wp-content\/uploads\/2010\/05\/cartao.png 380w, http:\/\/escolaconducao-tv.com\/wp-content\/uploads\/2010\/05\/cartao-300x236.png 300w\" sizes=\"(max-width: 380px) 100vw, 380px\" \/><\/p>\n","protected":false},"excerpt":{"rendered":"<p>Escola de Condu\u00e7\u00e3o Torres Vedras Urbaniza\u00e7\u00e3o do Hilari\u00e3o, Bloco A &#8211; R\/c &#8211; 3 2560-374 Torres Vedras Tel.\/Fax: 261 325 220 Manuel Augusto: 936 911 391 Maria do Carmo: 932 654 760 Secretaria: 939 502 352 Email: geral@escolaconducao-tv.com Ver mapa<\/p>\n","protected":false},"author":3,"featured_media":0,"parent":0,"menu_order":35,"comment_status":"open","ping_status":"closed","template":"","meta":[],"_links":{"self":[{"href":"http:\/\/escolaconducao-tv.com\/index.php?rest_route=\/wp\/v2\/pages\/2"}],"collection":[{"href":"http:\/\/escolaconducao-tv.com\/index.php?rest_route=\/wp\/v2\/pages"}],"about":[{"href":"http:\/\/escolaconducao-tv.com\/index.php?rest_route=\/wp\/v2\/types\/page"}],"author":[{"embeddable":true,"href":"http:\/\/escolaconducao-tv.com\/index.php?rest_route=\/wp\/v2\/users\/3"}],"replies":[{"embeddable":true,"href":"http:\/\/escolaconducao-tv.com\/index.php?rest_route=%2Fwp%2Fv2%2Fcomments&post=2"}],"version-history":[{"count":16,"href":"http:\/\/escolaconducao-tv.com\/index.php?rest_route=\/wp\/v2\/pages\/2\/revisions"}],"predecessor-version":[{"id":245,"href":"http:\/\/escolaconducao-tv.com\/index.php?rest_route=\/wp\/v2\/pages\/2\/revisions\/245"}],"wp:attachment":[{"href":"http:\/\/escolaconducao-tv.com\/index.php?rest_route=%2Fwp%2Fv2%2Fmedia&parent=2"}],"curies":[{"name":"wp","href":"https:\/\/api.w.org\/{rel}","templated":true}]}}