{"id":59,"date":"2010-05-18T14:58:58","date_gmt":"2010-05-18T14:58:58","guid":{"rendered":"http:\/\/escolaconducao-tv.com\/?page_id=59"},"modified":"2016-12-06T19:44:51","modified_gmt":"2016-12-06T19:44:51","slug":"categoria-a-motociclos","status":"publish","type":"page","link":"http:\/\/escolaconducao-tv.com\/?page_id=59","title":{"rendered":"Categoria A (j\u00e1 com carta de ligeiros)"},"content":{"rendered":"<p><span style=\"font-weight: bold; font-size: 12.16px;\">\u00c9 necess\u00e1rio trazer:<\/span><\/p>\n<ul>\n<li>Identifica\u00e7\u00e3o Pessoal\u00a0<em><span style=\"color: #888888;\">(Cart\u00e3o do Cidad\u00e3o, T\u00edtulo de Resid\u00eancia)<\/span><\/em><\/li>\n<li><em><span style=\"color: #000000;\">Carta de Condu\u00e7\u00e3o<\/span><\/em><\/li>\n<li>1 Fotografias<\/li>\n<li>Atestado M\u00e9dico<span style=\"color: #888888;\"> <\/span><\/li>\n<\/ul>\n<p><strong>Pagamentos:<\/strong><\/p>\n<ul>\n<li>1\u00ba Pagamento &#8211; 150,00\u20ac <span style=\"color: #888888;\"><em>(inscri\u00e7\u00e3o)<\/em><\/span><\/li>\n<li>2\u00ba Pagamento &#8211; 150,00\u20ac<\/li>\n<li>3\u00ba Pagamento &#8211; 50,00\u20ac<\/li>\n<\/ul>\n<p><strong>Total &#8211; 350,00\u20ac<\/strong><\/p>\n","protected":false},"excerpt":{"rendered":"<p>\u00c9 necess\u00e1rio trazer: Identifica\u00e7\u00e3o Pessoal\u00a0(Cart\u00e3o do Cidad\u00e3o, T\u00edtulo de Resid\u00eancia) Carta de Condu\u00e7\u00e3o 1 Fotografias Atestado M\u00e9dico Pagamentos: 1\u00ba Pagamento &#8211; 150,00\u20ac (inscri\u00e7\u00e3o) 2\u00ba Pagamento &#8211; 150,00\u20ac 3\u00ba Pagamento &#8211; 50,00\u20ac Total &#8211; 350,00\u20ac<\/p>\n","protected":false},"author":3,"featured_media":0,"parent":6,"menu_order":15,"comment_status":"open","ping_status":"closed","template":"","meta":[],"_links":{"self":[{"href":"http:\/\/escolaconducao-tv.com\/index.php?rest_route=\/wp\/v2\/pages\/59"}],"collection":[{"href":"http:\/\/escolaconducao-tv.com\/index.php?rest_route=\/wp\/v2\/pages"}],"about":[{"href":"http:\/\/escolaconducao-tv.com\/index.php?rest_route=\/wp\/v2\/types\/page"}],"author":[{"embeddable":true,"href":"http:\/\/escolaconducao-tv.com\/index.php?rest_route=\/wp\/v2\/users\/3"}],"replies":[{"embeddable":true,"href":"http:\/\/escolaconducao-tv.com\/index.php?rest_route=%2Fwp%2Fv2%2Fcomments&post=59"}],"version-history":[{"count":9,"href":"http:\/\/escolaconducao-tv.com\/index.php?rest_route=\/wp\/v2\/pages\/59\/revisions"}],"predecessor-version":[{"id":237,"href":"http:\/\/escolaconducao-tv.com\/index.php?rest_route=\/wp\/v2\/pages\/59\/revisions\/237"}],"up":[{"embeddable":true,"href":"http:\/\/escolaconducao-tv.com\/index.php?rest_route=\/wp\/v2\/pages\/6"}],"wp:attachment":[{"href":"http:\/\/escolaconducao-tv.com\/index.php?rest_route=%2Fwp%2Fv2%2Fmedia&parent=59"}],"curies":[{"name":"wp","href":"https:\/\/api.w.org\/{rel}","templated":true}]}}