{"id":79,"date":"2010-05-18T15:23:05","date_gmt":"2010-05-18T15:23:05","guid":{"rendered":"http:\/\/escolaconducao-tv.com\/?page_id=79"},"modified":"2016-12-06T19:56:21","modified_gmt":"2016-12-06T19:56:21","slug":"categoria-ab-ja-com-carta-a1","status":"publish","type":"page","link":"http:\/\/escolaconducao-tv.com\/?page_id=79","title":{"rendered":"Categoria A+B (j\u00e1 com carta A1)"},"content":{"rendered":"<p><strong>\u00c9 necess\u00e1rio trazer:<\/strong><\/p>\n<div>\n<ul>\n<li>Identifica\u00e7\u00e3o Pessoal\u00a0<span style=\"color: #888888;\"><em>(B.I., Cart\u00e3o do Cidad\u00e3o, T\u00edtulo de Resid\u00eancia)<\/em><\/span><\/li>\n<li><span style=\"color: #000000;\">Carta de Condu\u00e7\u00e3o<\/span><\/li>\n<li>1 Fotografias<\/li>\n<li>Atestado M\u00e9dico\u00a0<em><span style=\"color: #888888;\">(Mod. 992)<\/span><\/em><\/li>\n<\/ul>\n<p><strong>Pagamentos:<\/strong><\/p>\n<ul>\n<li>1\u00ba Pagamento \u2013 145,00\u20ac\u00a0<em><span style=\"color: #888888;\">(inscri\u00e7\u00e3o)<\/span><\/em><\/li>\n<li>2\u00ba Pagamento \u2013 200,00\u20ac<\/li>\n<li>3\u00ba Pagamento \u2013 250,00\u20ac<\/li>\n<li>4\u00ba Pagamento \u2013 155,00\u20ac<\/li>\n<\/ul>\n<p><strong>Total \u2013 750,00\u20ac<\/strong><\/p>\n<\/div>\n","protected":false},"excerpt":{"rendered":"<p>\u00c9 necess\u00e1rio trazer: Identifica\u00e7\u00e3o Pessoal\u00a0(B.I., Cart\u00e3o do Cidad\u00e3o, T\u00edtulo de Resid\u00eancia) Carta de Condu\u00e7\u00e3o 1 Fotografias Atestado M\u00e9dico\u00a0(Mod. 992) Pagamentos: 1\u00ba Pagamento \u2013 145,00\u20ac\u00a0(inscri\u00e7\u00e3o) 2\u00ba Pagamento \u2013 200,00\u20ac 3\u00ba Pagamento \u2013 250,00\u20ac 4\u00ba Pagamento \u2013 155,00\u20ac Total \u2013 750,00\u20ac<\/p>\n","protected":false},"author":3,"featured_media":0,"parent":6,"menu_order":35,"comment_status":"open","ping_status":"closed","template":"","meta":[],"_links":{"self":[{"href":"http:\/\/escolaconducao-tv.com\/index.php?rest_route=\/wp\/v2\/pages\/79"}],"collection":[{"href":"http:\/\/escolaconducao-tv.com\/index.php?rest_route=\/wp\/v2\/pages"}],"about":[{"href":"http:\/\/escolaconducao-tv.com\/index.php?rest_route=\/wp\/v2\/types\/page"}],"author":[{"embeddable":true,"href":"http:\/\/escolaconducao-tv.com\/index.php?rest_route=\/wp\/v2\/users\/3"}],"replies":[{"embeddable":true,"href":"http:\/\/escolaconducao-tv.com\/index.php?rest_route=%2Fwp%2Fv2%2Fcomments&post=79"}],"version-history":[{"count":8,"href":"http:\/\/escolaconducao-tv.com\/index.php?rest_route=\/wp\/v2\/pages\/79\/revisions"}],"predecessor-version":[{"id":240,"href":"http:\/\/escolaconducao-tv.com\/index.php?rest_route=\/wp\/v2\/pages\/79\/revisions\/240"}],"up":[{"embeddable":true,"href":"http:\/\/escolaconducao-tv.com\/index.php?rest_route=\/wp\/v2\/pages\/6"}],"wp:attachment":[{"href":"http:\/\/escolaconducao-tv.com\/index.php?rest_route=%2Fwp%2Fv2%2Fmedia&parent=79"}],"curies":[{"name":"wp","href":"https:\/\/api.w.org\/{rel}","templated":true}]}}