{"id":90,"date":"2010-05-18T15:42:19","date_gmt":"2010-05-18T15:42:19","guid":{"rendered":"http:\/\/escolaconducao-tv.com\/?page_id=90"},"modified":"2016-12-10T11:30:29","modified_gmt":"2016-12-10T11:30:29","slug":"categoria-b-ja-com-carta-a1","status":"publish","type":"page","link":"http:\/\/escolaconducao-tv.com\/?page_id=90","title":{"rendered":"Categoria B (j\u00e1 com carta A1)"},"content":{"rendered":"<p><strong>\u00c9 necess\u00e1rio trazer:<\/strong><\/p>\n<div>\n<ul>\n<li>Identifica\u00e7\u00e3o Pessoal<span style=\"color: #888888;\"> <\/span><em><span style=\"color: #888888;\">( Cart\u00e3o do Cidad\u00e3o, T\u00edtulo de Resid\u00eancia)<\/span><\/em><\/li>\n<li><span style=\"color: #000000;\">Carta de Condu\u00e7\u00e3o<\/span><\/li>\n<li>1\u00a0Fotografias<\/li>\n<li>Atestado M\u00e9dico<\/li>\n<\/ul>\n<p><strong>Pagamentos:<\/strong><\/p>\n<ul>\n<li>1\u00ba Pagamento \u2013 150,00\u20ac<span style=\"color: #888888;\"> <\/span><em><span style=\"color: #888888;\">(inscri\u00e7\u00e3o)<\/span><\/em><\/li>\n<li>2\u00ba Pagamento \u2013 150,00\u20ac<\/li>\n<li>3\u00ba Pagamento \u2013 300,00\u20ac<\/li>\n<\/ul>\n<p><strong>Total \u2013 600,00\u20ac<\/strong><\/p>\n<\/div>\n","protected":false},"excerpt":{"rendered":"<p>\u00c9 necess\u00e1rio trazer: Identifica\u00e7\u00e3o Pessoal ( Cart\u00e3o do Cidad\u00e3o, T\u00edtulo de Resid\u00eancia) Carta de Condu\u00e7\u00e3o 1\u00a0Fotografias Atestado M\u00e9dico Pagamentos: 1\u00ba Pagamento \u2013 150,00\u20ac (inscri\u00e7\u00e3o) 2\u00ba Pagamento \u2013 150,00\u20ac 3\u00ba Pagamento \u2013 300,00\u20ac Total \u2013 600,00\u20ac<\/p>\n","protected":false},"author":3,"featured_media":0,"parent":6,"menu_order":50,"comment_status":"open","ping_status":"closed","template":"","meta":[],"_links":{"self":[{"href":"http:\/\/escolaconducao-tv.com\/index.php?rest_route=\/wp\/v2\/pages\/90"}],"collection":[{"href":"http:\/\/escolaconducao-tv.com\/index.php?rest_route=\/wp\/v2\/pages"}],"about":[{"href":"http:\/\/escolaconducao-tv.com\/index.php?rest_route=\/wp\/v2\/types\/page"}],"author":[{"embeddable":true,"href":"http:\/\/escolaconducao-tv.com\/index.php?rest_route=\/wp\/v2\/users\/3"}],"replies":[{"embeddable":true,"href":"http:\/\/escolaconducao-tv.com\/index.php?rest_route=%2Fwp%2Fv2%2Fcomments&post=90"}],"version-history":[{"count":4,"href":"http:\/\/escolaconducao-tv.com\/index.php?rest_route=\/wp\/v2\/pages\/90\/revisions"}],"predecessor-version":[{"id":249,"href":"http:\/\/escolaconducao-tv.com\/index.php?rest_route=\/wp\/v2\/pages\/90\/revisions\/249"}],"up":[{"embeddable":true,"href":"http:\/\/escolaconducao-tv.com\/index.php?rest_route=\/wp\/v2\/pages\/6"}],"wp:attachment":[{"href":"http:\/\/escolaconducao-tv.com\/index.php?rest_route=%2Fwp%2Fv2%2Fmedia&parent=90"}],"curies":[{"name":"wp","href":"https:\/\/api.w.org\/{rel}","templated":true}]}}